{"id":25,"date":"2026-04-17T09:49:45","date_gmt":"2026-04-17T09:49:45","guid":{"rendered":"https:\/\/holtrum.click\/?page_id=25"},"modified":"2026-04-17T09:49:49","modified_gmt":"2026-04-17T09:49:49","slug":"politica-de-cookies-y-rastreo","status":"publish","type":"page","link":"https:\/\/holtrum.click\/?page_id=25","title":{"rendered":"Pol\u00edtica de Cookies y Rastreo"},"content":{"rendered":"\n<p>Para que la web de <strong>holtrum<\/strong> sea r\u00e1pida y eficiente en los dispositivos de Iquique, utilizamos herramientas llamadas &#8220;cookies&#8221;. Alejandro Ramirez y su equipo t\u00e9cnico utilizan estos scripts para optimizar el rendimiento del sitio y asegurar que el proceso de compra sea fluido.<\/p>\n\n\n\n<h3 class=\"wp-block-heading\">Scripts utilizados en nuestra plataforma<\/h3>\n\n\n\n<ul class=\"wp-block-list\">\n<li><strong>Scripts de Autenticaci\u00f3n:<\/strong> Permiten que tu sesi\u00f3n se mantenga abierta mientras eliges tu comida en los restaurantes de Tarapac\u00e1.<\/li>\n\n\n\n<li><strong>Scripts de An\u00e1lisis:<\/strong> Nos ayudan a entender qu\u00e9 platos son los m\u00e1s buscados en Iquique, permiti\u00e9ndonos negociar mejores precios para ti.<\/li>\n\n\n\n<li><strong>Scripts de Geolocalizaci\u00f3n:<\/strong> Esenciales para conectar tu ubicaci\u00f3n con el restaurante m\u00e1s cercano, reduciendo el tiempo de entrega.<\/li>\n<\/ul>\n\n\n\n<blockquote class=\"wp-block-quote is-layout-flow wp-block-quote-is-layout-flow\">\n<p><strong>Control del Usuario:<\/strong> Puedes desactivar estos scripts desde tu navegador, aunque esto podr\u00eda afectar la precisi\u00f3n del mapa de seguimiento en tiempo real de <strong>holtrum<\/strong>.<\/p>\n<\/blockquote>\n","protected":false},"excerpt":{"rendered":"<p>Para que la web de holtrum sea r\u00e1pida y eficiente en los dispositivos de Iquique, utilizamos herramientas llamadas &#8220;cookies&#8221;. Alejandro Ramirez y su equipo t\u00e9cnico utilizan estos scripts para optimizar el rendimiento del sitio y asegurar que el proceso de compra sea fluido. Scripts utilizados en nuestra plataforma Control del Usuario: Puedes desactivar estos scripts [&hellip;]<\/p>\n","protected":false},"author":1,"featured_media":0,"parent":0,"menu_order":7,"comment_status":"closed","ping_status":"closed","template":"","meta":{"footnotes":""},"class_list":["post-25","page","type-page","status-publish","hentry"],"_links":{"self":[{"href":"https:\/\/holtrum.click\/index.php?rest_route=\/wp\/v2\/pages\/25","targetHints":{"allow":["GET"]}}],"collection":[{"href":"https:\/\/holtrum.click\/index.php?rest_route=\/wp\/v2\/pages"}],"about":[{"href":"https:\/\/holtrum.click\/index.php?rest_route=\/wp\/v2\/types\/page"}],"author":[{"embeddable":true,"href":"https:\/\/holtrum.click\/index.php?rest_route=\/wp\/v2\/users\/1"}],"replies":[{"embeddable":true,"href":"https:\/\/holtrum.click\/index.php?rest_route=%2Fwp%2Fv2%2Fcomments&post=25"}],"version-history":[{"count":1,"href":"https:\/\/holtrum.click\/index.php?rest_route=\/wp\/v2\/pages\/25\/revisions"}],"predecessor-version":[{"id":26,"href":"https:\/\/holtrum.click\/index.php?rest_route=\/wp\/v2\/pages\/25\/revisions\/26"}],"wp:attachment":[{"href":"https:\/\/holtrum.click\/index.php?rest_route=%2Fwp%2Fv2%2Fmedia&parent=25"}],"curies":[{"name":"wp","href":"https:\/\/api.w.org\/{rel}","templated":true}]}}